{"id":755,"date":"2022-03-18T17:53:21","date_gmt":"2022-03-18T17:53:21","guid":{"rendered":"https:\/\/oblak.unitedbusinessarg.com\/?page_id=755"},"modified":"2022-03-28T16:17:48","modified_gmt":"2022-03-28T16:17:48","slug":"librerias-cad","status":"publish","type":"page","link":"https:\/\/oblak.unitedbusinessarg.com\/index.php\/librerias-cad\/","title":{"rendered":"Librer\u00edas CAD"},"content":{"rendered":"<p>[et_pb_section fb_built=&#8221;1&#8243; _builder_version=&#8221;4.15.1&#8243; _module_preset=&#8221;default&#8221; background_image=&#8221;https:\/\/oblak.unitedbusinessarg.com\/wp-content\/uploads\/2022\/03\/Fondo-CAD-Oblak.png&#8221; parallax=&#8221;on&#8221; custom_padding=&#8221;||45px|||&#8221; global_colors_info=&#8221;{}&#8221;][et_pb_row column_structure=&#8221;1_2,1_2&#8243; _builder_version=&#8221;4.15.0&#8243; _module_preset=&#8221;default&#8221; custom_padding=&#8221;70px|||||&#8221; global_colors_info=&#8221;{}&#8221;][et_pb_column type=&#8221;1_2&#8243; _builder_version=&#8221;4.15.0&#8243; _module_preset=&#8221;default&#8221; global_colors_info=&#8221;{}&#8221;][et_pb_text _builder_version=&#8221;4.15.1&#8243; _module_preset=&#8221;default&#8221; text_font=&#8221;Poppins||||||||&#8221; text_font_size=&#8221;16px&#8221; header_font=&#8221;Poppins|600|||||||&#8221; header_font_size=&#8221;35px&#8221; header_3_font=&#8221;Poppins|700|||||||&#8221; header_3_font_size=&#8221;60px&#8221; header_font_size_tablet=&#8221;35px&#8221; header_font_size_phone=&#8221;45px&#8221; header_font_size_last_edited=&#8221;on|phone&#8221; header_line_height_tablet=&#8221;&#8221; header_line_height_phone=&#8221;1.1em&#8221; header_line_height_last_edited=&#8221;on|phone&#8221; header_3_font_size_tablet=&#8221;60px&#8221; header_3_font_size_phone=&#8221;50px&#8221; header_3_font_size_last_edited=&#8221;on|phone&#8221; global_colors_info=&#8221;{}&#8221;]<\/p>\n<h1 style=\"text-align: left;\">Librer\u00edas CAD<\/h1>\n<p><span>Oblak te ayuda a desarrollar tu proyecto de forma simple y sencilla. Ponemos a disposici\u00f3n de los profesionales nuestras librer\u00edas de CAD.<\/span><\/p>\n<p>[\/et_pb_text][et_pb_text content_tablet=&#8221;<\/p>\n<h2 style=%22text-align: left;%22>M\u00e1s consultadas<\/h2>\n<p>&#8221; content_phone=&#8221;<\/p>\n<h2 style=%22text-align: center;%22>M\u00e1s consultadas<\/h2>\n<p>&#8221; content_last_edited=&#8221;on|phone&#8221; _builder_version=&#8221;4.15.1&#8243; _module_preset=&#8221;default&#8221; text_font=&#8221;Poppins||||||||&#8221; text_font_size=&#8221;16px&#8221; header_font=&#8221;Poppins|600|||||||&#8221; header_font_size=&#8221;35px&#8221; header_2_font=&#8221;Poppins|600|||||||&#8221; header_3_font=&#8221;Poppins|700|||||||&#8221; header_3_font_size=&#8221;60px&#8221; hover_enabled=&#8221;0&#8243; header_3_font_size_tablet=&#8221;60px&#8221; header_3_font_size_phone=&#8221;50px&#8221; header_3_font_size_last_edited=&#8221;on|phone&#8221; global_colors_info=&#8221;{}&#8221; sticky_enabled=&#8221;0&#8243;]<\/p>\n<h2 style=\"text-align: left;\">Que contiene el archivo ZIP?<\/h2>\n<p><span>las librer\u00edas de las l\u00edneas:<\/span><\/p>\n<ul>\n<li><span> Eterna, <\/span><\/li>\n<li><span>Innova, <\/span><\/li>\n<li><span>Tekstura,<\/span><\/li>\n<li><span>Pr\u00e1ctika. <\/span><span><\/span><\/li>\n<\/ul>\n<p><span><\/span><\/p>\n<p><span>Continuamos desarrollando m\u00e1s librer\u00edas y siempre podr\u00e1s descargarlas gratuitamente desde aqu\u00ed.<\/span><\/p>\n<p>[\/et_pb_text][et_pb_button button_url=&#8221;https:\/\/oblak.unitedbusinessarg.com\/#terminaciones&#8221; button_text=&#8221;Descargar&#8221; button_alignment=&#8221;left&#8221; _builder_version=&#8221;4.15.1&#8243; _module_preset=&#8221;default&#8221; custom_button=&#8221;on&#8221; button_text_size=&#8221;22px&#8221; button_text_color=&#8221;#FFFFFF&#8221; button_bg_color=&#8221;#ff8000&#8243; button_border_width=&#8221;0px&#8221; button_border_color=&#8221;gcid-b55c316b-8816-49a0-8c58-313869a199f7&#8243; button_border_radius=&#8221;0px&#8221; button_font=&#8221;Syne||||||||&#8221; custom_padding=&#8221;|50px||50px|false|true&#8221; global_colors_info=&#8221;{%22gcid-b55c316b-8816-49a0-8c58-313869a199f7%22:%91%22button_border_color%22%93}&#8221;][\/et_pb_button][\/et_pb_column][et_pb_column type=&#8221;1_2&#8243; _builder_version=&#8221;4.15.0&#8243; _module_preset=&#8221;default&#8221; global_colors_info=&#8221;{}&#8221;][et_pb_image src=&#8221;https:\/\/oblak.unitedbusinessarg.com\/wp-content\/uploads\/2022\/03\/cadIndice.jpg&#8221; title_text=&#8221;cadIndice&#8221; _builder_version=&#8221;4.15.1&#8243; _module_preset=&#8221;default&#8221; global_colors_info=&#8221;{}&#8221;][\/et_pb_image][\/et_pb_column][\/et_pb_row][\/et_pb_section]<\/p>\n","protected":false},"excerpt":{"rendered":"<p>Librer\u00edas CAD Oblak te ayuda a desarrollar tu proyecto de forma simple y sencilla. Ponemos a disposici\u00f3n de los profesionales nuestras librer\u00edas de CAD.Que contiene el archivo ZIP? las librer\u00edas de las l\u00edneas: Eterna, Innova, Tekstura, Pr\u00e1ctika. Continuamos desarrollando m\u00e1s librer\u00edas y siempre podr\u00e1s descargarlas gratuitamente desde aqu\u00ed.<\/p>\n","protected":false},"author":1,"featured_media":0,"parent":0,"menu_order":0,"comment_status":"closed","ping_status":"closed","template":"","meta":{"_et_pb_use_builder":"on","_et_pb_old_content":"<!-- wp:divi\/placeholder \/-->","_et_gb_content_width":"","footnotes":""},"class_list":["post-755","page","type-page","status-publish","hentry"],"_links":{"self":[{"href":"https:\/\/oblak.unitedbusinessarg.com\/index.php\/wp-json\/wp\/v2\/pages\/755","targetHints":{"allow":["GET"]}}],"collection":[{"href":"https:\/\/oblak.unitedbusinessarg.com\/index.php\/wp-json\/wp\/v2\/pages"}],"about":[{"href":"https:\/\/oblak.unitedbusinessarg.com\/index.php\/wp-json\/wp\/v2\/types\/page"}],"author":[{"embeddable":true,"href":"https:\/\/oblak.unitedbusinessarg.com\/index.php\/wp-json\/wp\/v2\/users\/1"}],"replies":[{"embeddable":true,"href":"https:\/\/oblak.unitedbusinessarg.com\/index.php\/wp-json\/wp\/v2\/comments?post=755"}],"version-history":[{"count":5,"href":"https:\/\/oblak.unitedbusinessarg.com\/index.php\/wp-json\/wp\/v2\/pages\/755\/revisions"}],"predecessor-version":[{"id":865,"href":"https:\/\/oblak.unitedbusinessarg.com\/index.php\/wp-json\/wp\/v2\/pages\/755\/revisions\/865"}],"wp:attachment":[{"href":"https:\/\/oblak.unitedbusinessarg.com\/index.php\/wp-json\/wp\/v2\/media?parent=755"}],"curies":[{"name":"wp","href":"https:\/\/api.w.org\/{rel}","templated":true}]}}