{"id":1056,"date":"2022-03-29T13:40:17","date_gmt":"2022-03-29T13:40:17","guid":{"rendered":"https:\/\/oblak.unitedbusinessarg.com\/?post_type=product&#038;p=1056"},"modified":"2022-03-29T13:41:42","modified_gmt":"2022-03-29T13:41:42","slug":"master-grandis-mod-2311","status":"publish","type":"product","link":"https:\/\/oblak.unitedbusinessarg.com\/index.php\/producto\/master-grandis-mod-2311\/","title":{"rendered":"Master Grandis Mod. 2311"},"content":{"rendered":"<p>Modelo machimbrado horizontal central. Base lustre, preparada para cualquier terminaci\u00f3n.<br \/>\nBurlete perimetral, aislaci\u00f3n ac\u00fastica. No lleva manij\u00f3n, ni manija.<\/p>\n","protected":false},"excerpt":{"rendered":"<p>Modelo machimbrado horizontal central. Base lustre, preparada para cualquier terminaci\u00f3n.<br \/>\nBurlete perimetral, aislaci\u00f3n ac\u00fastica. No lleva manij\u00f3n, ni manija.<\/p>\n","protected":false},"featured_media":1060,"comment_status":"open","ping_status":"closed","template":"","meta":{"_et_pb_use_builder":"","_et_pb_old_content":"","_et_gb_content_width":""},"product_brand":[],"product_cat":[36,50,46],"product_tag":[],"class_list":{"0":"post-1056","1":"product","2":"type-product","3":"status-publish","4":"has-post-thumbnail","6":"product_cat-exterior","7":"product_cat-madera","8":"product_cat-master-grandis","10":"first","11":"instock","12":"shipping-taxable","13":"product-type-simple"},"_links":{"self":[{"href":"https:\/\/oblak.unitedbusinessarg.com\/index.php\/wp-json\/wp\/v2\/product\/1056","targetHints":{"allow":["GET"]}}],"collection":[{"href":"https:\/\/oblak.unitedbusinessarg.com\/index.php\/wp-json\/wp\/v2\/product"}],"about":[{"href":"https:\/\/oblak.unitedbusinessarg.com\/index.php\/wp-json\/wp\/v2\/types\/product"}],"replies":[{"embeddable":true,"href":"https:\/\/oblak.unitedbusinessarg.com\/index.php\/wp-json\/wp\/v2\/comments?post=1056"}],"wp:featuredmedia":[{"embeddable":true,"href":"https:\/\/oblak.unitedbusinessarg.com\/index.php\/wp-json\/wp\/v2\/media\/1060"}],"wp:attachment":[{"href":"https:\/\/oblak.unitedbusinessarg.com\/index.php\/wp-json\/wp\/v2\/media?parent=1056"}],"wp:term":[{"taxonomy":"product_brand","embeddable":true,"href":"https:\/\/oblak.unitedbusinessarg.com\/index.php\/wp-json\/wp\/v2\/product_brand?post=1056"},{"taxonomy":"product_cat","embeddable":true,"href":"https:\/\/oblak.unitedbusinessarg.com\/index.php\/wp-json\/wp\/v2\/product_cat?post=1056"},{"taxonomy":"product_tag","embeddable":true,"href":"https:\/\/oblak.unitedbusinessarg.com\/index.php\/wp-json\/wp\/v2\/product_tag?post=1056"}],"curies":[{"name":"wp","href":"https:\/\/api.w.org\/{rel}","templated":true}]}}